{"id":82,"date":"2025-10-23T15:32:38","date_gmt":"2025-10-23T18:32:38","guid":{"rendered":"http:\/\/localhost\/?page_id=82"},"modified":"2026-02-25T15:49:50","modified_gmt":"2026-02-25T18:49:50","slug":"convenios","status":"publish","type":"page","link":"https:\/\/mindhub-uy.com\/index.php\/convenios\/","title":{"rendered":"Convenios"},"content":{"rendered":"<p><?php\n\/**\n * Title: Convenios (MindHub)\n * Slug: blankslate\/agreements\n * Categories: mindhub, text\n *\/\n?><\/p>\n\n\n<div class=\"wp-block-group agreements\"><div class=\"wp-block-group__inner-container is-layout-flow wp-block-group-is-layout-flow\">\n<p><?php\n\/**\n * Title: Convenios (MindHub)\n * Slug: blankslate\/agreements\n * Categories: mindhub, text\n *\/\n?><\/p>\n\n\n\n<div class=\"wp-block-group mini-hero\"><div class=\"wp-block-group__inner-container is-layout-flow wp-block-group-is-layout-flow\">\n<div class=\"wp-block-group content container\"><div class=\"wp-block-group__inner-container is-layout-flow wp-block-group-is-layout-flow\">\n<h1 class=\"wp-block-heading\">Convenios para empresas<\/h1>\n<\/div><\/div>\n<\/div><\/div>\n\n\n\n<div class=\"wp-block-group intro container\" style=\"margin-top:20px\"><div class=\"wp-block-group__inner-container is-layout-flow wp-block-group-is-layout-flow\">\n<p class=\"has-text-align-center\">En <strong>MindHub <\/strong>sabemos que el <strong>bienestar emocional es clave para el rendimiento<\/strong>, <strong>productividad<\/strong>, <strong>motivaci\u00f3n <\/strong>y <strong>satisfacci\u00f3n laboral<\/strong>. Por esto, ofrecemos <strong>convenios especiales para empresas<\/strong> que buscan <strong>cuidar la salud mental de sus equipos<\/strong>, brindando <strong>atenci\u00f3n psicol\u00f3gica de calidad<\/strong> y programas de acompa\u00f1amiento adaptados a cada organizaci\u00f3n.<\/p>\n\n\n\n<p class=\"has-text-align-center\">Nuestros convenios incluyen <strong>beneficios exclusivos para colaboradores y sus familias<\/strong>, con planes flexibles que se ajustan a las necesidades de cada empresa. Buscamos promover espacios de trabajo m\u00e1s saludables, reduciendo el estr\u00e9s, fortaleciendo la comunicaci\u00f3n y potenciando el desarrollo personal y profesional.<\/p>\n\n\n\n<p><\/p>\n<\/div><\/div>\n\n\n\n<div class=\"wp-block-group agreements\"><div class=\"wp-block-group__inner-container is-layout-flow wp-block-group-is-layout-flow\">\n<div class=\"wp-block-group container\"><div class=\"wp-block-group__inner-container is-layout-flow wp-block-group-is-layout-flow\">\n<div class=\"wp-block-columns agreements-grid is-layout-flex wp-container-core-columns-is-layout-28f84493 wp-block-columns-is-layout-flex\">\n<div class=\"wp-block-column is-layout-flow wp-block-column-is-layout-flow\">\n<div class=\"wp-block-group about-card\"><div class=\"wp-block-group__inner-container is-layout-flow wp-block-group-is-layout-flow\">\n<h2 class=\"wp-block-heading\" style=\"font-size:20px\">Bienestar y rendimiento<\/h2>\n\n\n\n<p>El bienestar emocional es clave para la productividad, la motivaci\u00f3n y la satisfacci\u00f3n laboral. Dise\u00f1amos propuestas a medida para las necesidades de tu organizaci\u00f3n.<\/p>\n<\/div><\/div>\n<\/div>\n\n\n\n<div class=\"wp-block-column is-layout-flow wp-block-column-is-layout-flow\">\n<div class=\"wp-block-group about-card\"><div class=\"wp-block-group__inner-container is-layout-flow wp-block-group-is-layout-flow\">\n<h2 class=\"wp-block-heading\" style=\"font-size:20px\">Beneficios y cobertura<\/h2>\n\n\n\n<p>Nuestros convenios incluyen beneficios exclusivos y atenci\u00f3n psicol\u00f3gica de calidad, con seguimiento profesional.<\/p>\n<\/div><\/div>\n<\/div>\n<\/div>\n\n\n\n<div class=\"wp-block-group agreements-current\" style=\"margin-top:60px\"><div class=\"wp-block-group__inner-container is-layout-flow wp-block-group-is-layout-flow\">\n<div class=\"wp-block-group section-head\"><div class=\"wp-block-group__inner-container is-layout-flow wp-block-group-is-layout-flow\">\n<h1 class=\"wp-block-heading has-large-font-size\"><strong>Convenios actuales<\/strong><\/h1>\n\n\n\n<p>Beneficios vigentes para colaboradores y sus familias.<\/p>\n<\/div><\/div>\n\n\n\n<div class=\"wp-block-group team-pills is-nowrap is-layout-flex wp-container-core-group-is-layout-6c531013 wp-block-group-is-layout-flex\">\n<div class=\"wp-block-group pill\"><div class=\"wp-block-group__inner-container is-layout-flow wp-block-group-is-layout-flow\">\n<div class=\"wp-block-group\"><div class=\"wp-block-group__inner-container is-layout-flow wp-block-group-is-layout-flow\">\n<div class=\"wp-block-group is-nowrap is-layout-flex wp-container-core-group-is-layout-6c531013 wp-block-group-is-layout-flex\">\n<figure class=\"wp-block-image size-thumbnail is-resized portrait\"><img decoding=\"async\" src=\"https:\/\/upload.wikimedia.org\/wikipedia\/commons\/e\/ed\/Logo_de_la_Agrupaci%C3%B3n_de_funcionarios_de_la_UTE_%28AUTE%29.png\" alt=\"Logo AUTE\" style=\"width:155px;height:auto\"\/><\/figure>\n\n\n\n<div class=\"wp-block-group\"><div class=\"wp-block-group__inner-container is-layout-constrained wp-block-group-is-layout-constrained\">\n<h3 class=\"wp-block-heading has-text-color has-link-color wp-elements-736f4758c907d26a85efd9393417f16d\" style=\"color:#5d8165\">AUTE &#8211; Agrupaci\u00f3n de Funcionarios de UTE<\/h3>\n\n\n\n<p>Funcionarios y familiares directos de los socios acceden a un <strong>40% de descuento<\/strong> en sesiones de psicoterapia.<\/p>\n<\/div><\/div>\n<\/div>\n<\/div><\/div>\n<\/div><\/div>\n<\/div>\n<\/div><\/div>\n\n\n\n<div class=\"wp-block-group cta-section has-background\" style=\"background-color:#a0bc96\"><div class=\"wp-block-group__inner-container is-layout-flow wp-block-group-is-layout-flow\">\n<div class=\"wp-block-group cta-content\"><div class=\"wp-block-group__inner-container is-layout-flow wp-block-group-is-layout-flow\">\n<h2 class=\"wp-block-heading has-medium-font-size\"><strong>\u00bfInteresado en un convenio para tu empresa?<\/strong><\/h2>\n\n\n\n<p>Cont\u00e1ctanos para dise\u00f1ar un plan personalizado que se adapte a las necesidades de tu organizaci\u00f3n.<\/p>\n\n\n\n<div class=\"wp-block-buttons is-content-justification-center is-layout-flex wp-container-core-buttons-is-layout-a89b3969 wp-block-buttons-is-layout-flex\">\n<div class=\"wp-block-button\"><a class=\"wp-block-button__link has-white-background-color has-text-color has-background has-link-color has-text-align-center wp-element-button\" href=\"mailto:hola@mindhub-uy.com?subject=Consulta%20Mindhub\" style=\"color:#a0bc96\">Solicitar informaci\u00f3n<\/a><\/div>\n<\/div>\n<\/div><\/div>\n<\/div><\/div>\n<\/div><\/div>\n<\/div><\/div>\n<\/div><\/div>\n\n\n\n<p><\/p>\n","protected":false},"excerpt":{"rendered":"<p>Convenios para empresas En MindHub sabemos que el bienestar emocional es clave para el rendimiento, productividad, motivaci\u00f3n y satisfacci\u00f3n laboral. Por esto, ofrecemos convenios especiales para empresas que buscan cuidar la salud mental de sus equipos, brindando atenci\u00f3n psicol\u00f3gica de calidad y programas de acompa\u00f1amiento adaptados a cada organizaci\u00f3n. Nuestros convenios incluyen beneficios exclusivos para <a href=\"https:\/\/mindhub-uy.com\/index.php\/convenios\/\" class=\"more-link\">&#8230;<span class=\"screen-reader-text\">  Convenios<\/span><\/a><\/p>\n","protected":false},"author":1,"featured_media":0,"parent":0,"menu_order":0,"comment_status":"closed","ping_status":"closed","template":"","meta":{"footnotes":""},"class_list":["post-82","page","type-page","status-publish","hentry"],"_links":{"self":[{"href":"https:\/\/mindhub-uy.com\/index.php\/wp-json\/wp\/v2\/pages\/82","targetHints":{"allow":["GET"]}}],"collection":[{"href":"https:\/\/mindhub-uy.com\/index.php\/wp-json\/wp\/v2\/pages"}],"about":[{"href":"https:\/\/mindhub-uy.com\/index.php\/wp-json\/wp\/v2\/types\/page"}],"author":[{"embeddable":true,"href":"https:\/\/mindhub-uy.com\/index.php\/wp-json\/wp\/v2\/users\/1"}],"replies":[{"embeddable":true,"href":"https:\/\/mindhub-uy.com\/index.php\/wp-json\/wp\/v2\/comments?post=82"}],"version-history":[{"count":68,"href":"https:\/\/mindhub-uy.com\/index.php\/wp-json\/wp\/v2\/pages\/82\/revisions"}],"predecessor-version":[{"id":476,"href":"https:\/\/mindhub-uy.com\/index.php\/wp-json\/wp\/v2\/pages\/82\/revisions\/476"}],"wp:attachment":[{"href":"https:\/\/mindhub-uy.com\/index.php\/wp-json\/wp\/v2\/media?parent=82"}],"curies":[{"name":"wp","href":"https:\/\/api.w.org\/{rel}","templated":true}]}}