{"id":80,"date":"2025-10-23T15:32:20","date_gmt":"2025-10-23T18:32:20","guid":{"rendered":"http:\/\/localhost\/?page_id=80"},"modified":"2026-02-25T13:53:57","modified_gmt":"2026-02-25T16:53:57","slug":"modalidades-de-atencion","status":"publish","type":"page","link":"https:\/\/mindhub-uy.com\/index.php\/modalidades-de-atencion\/","title":{"rendered":"Modalidades de atenci\u00f3n"},"content":{"rendered":"<p><?php\n\/**\n * Title: Modalidades de atenci\u00f3n (MindHub)\n * Slug: mindhub\/services\n * Categories: mindhub, text\n * Block Types: core\/post-content\n * Description: Cards apaisadas con imagen + contenido y secciones expandibles\n * Inserter: yes\n *\/\n\n$img1 = esc_url( get_theme_file_uri( 'assets\/images\/hero_images\/1.jpg' ) );\n$img4 = esc_url( get_theme_file_uri( 'assets\/images\/hero_images\/4.jpg' ) );\n$img7 = esc_url( get_theme_file_uri( 'assets\/images\/hero_images\/7.jpg' ) );\n$img8 = esc_url( get_theme_file_uri( 'assets\/images\/hero_images\/8.jpeg' ) );\n$img9 = esc_url( get_theme_file_uri( 'assets\/images\/hero_images\/9.jpg' ) );\n?><\/p>\n\n\n<div class=\"wp-block-group alignwide mindhub-services\"><div class=\"wp-block-group__inner-container is-layout-flow wp-block-group-is-layout-flow\">\n<div class=\"wp-block-group section-head\">\n\n\n<\/div><\/div>\n\n\n\n<div class=\"wp-block-group mini-hero\"><div class=\"wp-block-group__inner-container is-layout-flow wp-block-group-is-layout-flow\">\n<div class=\"wp-block-group content container\"><div class=\"wp-block-group__inner-container is-layout-flow wp-block-group-is-layout-flow\">\n<h1 class=\"wp-block-heading\">Modalidades de atenci\u00f3n<\/h1>\n<\/div><\/div>\n<\/div><\/div>\n\n\n\n<div class=\"wp-block-group intro container\" style=\"margin-top:20px\"><div class=\"wp-block-group__inner-container is-layout-flow wp-block-group-is-layout-flow\">\n<p class=\"has-text-align-center\">Nuestro <strong>objetivo <\/strong>es brindar un <strong>acompa\u00f1amiento profesional e integral<\/strong>, <strong>adaptado a cada persona<\/strong>, <strong>pareja <\/strong>o <strong>familia<\/strong>. <\/p>\n\n\n\n<p class=\"has-text-align-center\">MindHub<strong> <\/strong>y nuestro equipo de profesionales capacitados, est\u00e1n disponibles para guiarte y acompa\u00f1arte en este proceso.<\/p>\n<\/div><\/div>\n\n\n\n<div class=\"wp-block-group cards-list\"><div class=\"wp-block-group__inner-container is-layout-flow wp-block-group-is-layout-flow\">\n<div class=\"wp-block-group service-card\"><div class=\"wp-block-group__inner-container is-layout-flow wp-block-group-is-layout-flow\">\n<div class=\"wp-block-columns is-not-stacked-on-mobile is-layout-flex wp-container-core-columns-is-layout-28f84493 wp-block-columns-is-layout-flex\">\n<div class=\"wp-block-column is-layout-flow wp-block-column-is-layout-flow\" style=\"flex-basis:40%\">\n<figure class=\"wp-block-image size-full service-media\"><img loading=\"lazy\" decoding=\"async\" width=\"1920\" height=\"1280\" src=\"https:\/\/mindhub-uy.com\/wp-content\/uploads\/2025\/10\/1.jpg\" alt=\"\" class=\"wp-image-35\"\/><\/figure>\n<\/div>\n\n\n\n<div class=\"wp-block-column is-layout-flow wp-block-column-is-layout-flow\" style=\"flex-basis:60%\">\n<h3 class=\"wp-block-heading has-medium-font-size\"><strong>Terapia individual<\/strong><\/h3>\n\n\n\n<p>Acompa\u00f1amiento personalizado dirigido a adolescentes, j\u00f3venes y adultos, para promover el bienestar emocional, gestionar conflictos y potenciar recursos personales.<\/p>\n\n\n\n<p class=\"badge\">Modalidad: Online o en consultorio<\/p>\n\n\n\n<details class=\"wp-block-details is-layout-flow wp-block-details-is-layout-flow\"><summary>Ver m\u00e1s detalles<\/summary>\n<h4 class=\"wp-block-heading\">\u00bfQu\u00e9 incluye?<\/h4>\n\n\n\n<ul class=\"wp-block-list\">\n<li>Sesiones de 50 minutos<\/li>\n\n\n\n<li>Frecuencia pautada de forma individual<\/li>\n\n\n\n<li>Profesionales especializados en distintas \u00e1reas<\/li>\n\n\n\n<li>Atenci\u00f3n psicol\u00f3gica personalizada y adaptada a cada sujeto<\/li>\n<\/ul>\n<\/details>\n<\/div>\n<\/div>\n<\/div><\/div>\n\n\n\n<div class=\"wp-block-group service-card\"><div class=\"wp-block-group__inner-container is-layout-flow wp-block-group-is-layout-flow\">\n<div class=\"wp-block-columns is-not-stacked-on-mobile is-layout-flex wp-container-core-columns-is-layout-28f84493 wp-block-columns-is-layout-flex\">\n<div class=\"wp-block-column is-layout-flow wp-block-column-is-layout-flow\" style=\"flex-basis:40%\">\n<figure class=\"wp-block-image size-full service-media\"><img loading=\"lazy\" decoding=\"async\" width=\"3184\" height=\"2123\" src=\"https:\/\/mindhub-uy.com\/wp-content\/uploads\/2025\/10\/4.jpg\" alt=\"\" class=\"wp-image-38\"\/><\/figure>\n<\/div>\n\n\n\n<div class=\"wp-block-column is-layout-flow wp-block-column-is-layout-flow\" style=\"flex-basis:60%\">\n<h3 class=\"wp-block-heading has-medium-font-size\"><strong>Terapia para ni\u00f1os y adolescentes<\/strong><\/h3>\n\n\n\n<p>Entornos seguros y adaptados para el desarrollo emocional, social y cognitivo. Trabajo coordinado con familias y, cuando es necesario, con el entorno educativo.<\/p>\n\n\n\n<p class=\"badge\">Modalidad: Solo en consultorio<\/p>\n\n\n\n<details class=\"wp-block-details is-layout-flow wp-block-details-is-layout-flow\"><summary>Ver m\u00e1s detalles<\/summary>\n<h4 class=\"wp-block-heading\">\u00bfQu\u00e9 incluye?<\/h4>\n\n\n\n<ul class=\"wp-block-list\">\n<li>Evaluaci\u00f3n psicol\u00f3gica infantil<\/li>\n\n\n\n<li>Terapia l\u00fadica especializada<\/li>\n\n\n\n<li>Orientaci\u00f3n a padres<\/li>\n\n\n\n<li>Coordinaci\u00f3n con centros educativos<\/li>\n<\/ul>\n\n\n\n<p><strong>Edades:<\/strong> 6\u201317 a\u00f1os<\/p>\n<\/details>\n<\/div>\n<\/div>\n<\/div><\/div>\n\n\n\n<div class=\"wp-block-group service-card\"><div class=\"wp-block-group__inner-container is-layout-flow wp-block-group-is-layout-flow\">\n<div class=\"wp-block-columns is-not-stacked-on-mobile is-layout-flex wp-container-core-columns-is-layout-28f84493 wp-block-columns-is-layout-flex\">\n<div class=\"wp-block-column is-layout-flow wp-block-column-is-layout-flow\" style=\"flex-basis:40%\">\n<figure class=\"wp-block-image size-full service-media\"><img loading=\"lazy\" decoding=\"async\" width=\"1200\" height=\"675\" src=\"https:\/\/mindhub-uy.com\/wp-content\/uploads\/2025\/10\/7.jpg\" alt=\"\" class=\"wp-image-41\"\/><\/figure>\n<\/div>\n\n\n\n<div class=\"wp-block-column is-layout-flow wp-block-column-is-layout-flow\" style=\"flex-basis:60%\">\n<h3 class=\"wp-block-heading has-medium-font-size\"><strong>Terapia de pareja<\/strong><\/h3>\n\n\n\n<p>Espacio para mejorar la comunicaci\u00f3n, resolver conflictos y fortalecer el v\u00ednculo afectivo. Para momentos de crisis o para potenciar la relaci\u00f3n.<\/p>\n\n\n\n<p class=\"badge\">Modalidad: Online o en consultorio<\/p>\n\n\n\n<details class=\"wp-block-details is-layout-flow wp-block-details-is-layout-flow\"><summary>Ver m\u00e1s detalles<\/summary>\n<h4 class=\"wp-block-heading\">\u00bfQu\u00e9 incluye?<\/h4>\n\n\n\n<ul class=\"wp-block-list\">\n<li>Espacio para pensar y trabajar el v\u00ednculo<\/li>\n\n\n\n<li>Evaluaci\u00f3n de la din\u00e1mica de pareja<\/li>\n\n\n\n<li>T\u00e9cnicas de comunicaci\u00f3n efectiva<\/li>\n\n\n\n<li>Resoluci\u00f3n de conflictos<\/li>\n<\/ul>\n<\/details>\n<\/div>\n<\/div>\n<\/div><\/div>\n\n\n\n<div class=\"wp-block-group service-card\"><div class=\"wp-block-group__inner-container is-layout-flow wp-block-group-is-layout-flow\">\n<div class=\"wp-block-columns is-not-stacked-on-mobile is-layout-flex wp-container-core-columns-is-layout-28f84493 wp-block-columns-is-layout-flex\">\n<div class=\"wp-block-column is-layout-flow wp-block-column-is-layout-flow\" style=\"flex-basis:40%\">\n<figure class=\"wp-block-image size-full service-media\"><img loading=\"lazy\" decoding=\"async\" width=\"744\" height=\"400\" src=\"https:\/\/mindhub-uy.com\/wp-content\/uploads\/2025\/10\/8.jpeg\" alt=\"\" class=\"wp-image-42\"\/><\/figure>\n<\/div>\n\n\n\n<div class=\"wp-block-column is-layout-flow wp-block-column-is-layout-flow\" style=\"flex-basis:60%\">\n<h3 class=\"wp-block-heading has-medium-font-size\"><strong>Terapia familiar<\/strong><\/h3>\n\n\n\n<p>Intervenciones para mejorar la din\u00e1mica familiar, fomentar el entendimiento mutuo y abordar problem\u00e1ticas que involucran a todos los miembros.<\/p>\n\n\n\n<p class=\"badge\">Modalidad: Solo en consultorio<\/p>\n\n\n\n<details class=\"wp-block-details is-layout-flow wp-block-details-is-layout-flow\"><summary>Ver m\u00e1s detalles<\/summary>\n<h4 class=\"wp-block-heading\">\u00bfQu\u00e9 incluye?<\/h4>\n\n\n\n<ul class=\"wp-block-list\">\n<li>Evaluaci\u00f3n sist\u00e9mica familiar<\/li>\n\n\n\n<li>Sesiones grupales e individuales<\/li>\n\n\n\n<li>T\u00e9cnicas de comunicaci\u00f3n familiar<\/li>\n<\/ul>\n<\/details>\n<\/div>\n<\/div>\n<\/div><\/div>\n\n\n\n<div class=\"wp-block-group service-card\"><div class=\"wp-block-group__inner-container is-layout-flow wp-block-group-is-layout-flow\">\n<div class=\"wp-block-columns is-not-stacked-on-mobile is-layout-flex wp-container-core-columns-is-layout-28f84493 wp-block-columns-is-layout-flex\">\n<div class=\"wp-block-column is-layout-flow wp-block-column-is-layout-flow\" style=\"flex-basis:40%\">\n<figure class=\"wp-block-image size-full service-media\"><img loading=\"lazy\" decoding=\"async\" width=\"600\" height=\"400\" src=\"https:\/\/mindhub-uy.com\/wp-content\/uploads\/2025\/10\/9.png\" alt=\"\" class=\"wp-image-43\"\/><\/figure>\n<\/div>\n\n\n\n<div class=\"wp-block-column is-layout-flow wp-block-column-is-layout-flow\" style=\"flex-basis:60%\">\n<h3 class=\"wp-block-heading has-medium-font-size\"><strong>Terapia breve focalizada<\/strong><\/h3>\n\n\n\n<p>Orientado a trabajar en objetivos concretos y soluciones pr\u00e1cticas en un tiempo acotado. Espacio din\u00e1mico y centrado en tus necesidades actuales para generar cambios significativos en pocas sesiones.<\/p>\n\n\n\n<p class=\"badge\">Modalidad: Consultorio y online<\/p>\n\n\n\n<details class=\"wp-block-details is-layout-flow wp-block-details-is-layout-flow\"><summary>Ver m\u00e1s detalles<\/summary>\n<h4 class=\"wp-block-heading\">\u00bfQu\u00e9 incluye?<\/h4>\n\n\n\n<ul class=\"wp-block-list\">\n<li>Definici\u00f3n de objetivos concretos<\/li>\n\n\n\n<li>Estrategias pr\u00e1cticas y personalizadas<\/li>\n\n\n\n<li>Seguimiento en corto plazo<\/li>\n<\/ul>\n<\/details>\n<\/div>\n<\/div>\n<\/div><\/div>\n<\/div><\/div>\n\n\n\n<p><\/p>\n\n\n<\/div>\n<p><!-- \/wp:post-content --><\/p>\n<p><?php\n\/**\n * Title: Modalidades de atenci\u00f3n (MindHub)\n * Slug: mindhub\/services\n * Categories: mindhub, text\n *\/\n?><\/p>\n<p><!-- TARJETA --><\/p>\n<p><!-- wp:paragraph --><\/p>\n<p><!-- \/wp:paragraph --><\/p>","protected":false},"excerpt":{"rendered":"<p>Modalidades de atenci\u00f3n Nuestro objetivo es brindar un acompa\u00f1amiento profesional e integral, adaptado a cada persona, pareja o familia. MindHub y nuestro equipo de profesionales capacitados, est\u00e1n disponibles para guiarte y acompa\u00f1arte en este proceso. Terapia individual Acompa\u00f1amiento personalizado dirigido a adolescentes, j\u00f3venes y adultos, para promover el bienestar emocional, gestionar conflictos y potenciar recursos <a href=\"https:\/\/mindhub-uy.com\/index.php\/modalidades-de-atencion\/\" class=\"more-link\">&#8230;<span class=\"screen-reader-text\">  Modalidades de atenci\u00f3n<\/span><\/a><\/p>\n","protected":false},"author":1,"featured_media":0,"parent":0,"menu_order":0,"comment_status":"closed","ping_status":"closed","template":"","meta":{"footnotes":""},"class_list":["post-80","page","type-page","status-publish","hentry"],"_links":{"self":[{"href":"https:\/\/mindhub-uy.com\/index.php\/wp-json\/wp\/v2\/pages\/80","targetHints":{"allow":["GET"]}}],"collection":[{"href":"https:\/\/mindhub-uy.com\/index.php\/wp-json\/wp\/v2\/pages"}],"about":[{"href":"https:\/\/mindhub-uy.com\/index.php\/wp-json\/wp\/v2\/types\/page"}],"author":[{"embeddable":true,"href":"https:\/\/mindhub-uy.com\/index.php\/wp-json\/wp\/v2\/users\/1"}],"replies":[{"embeddable":true,"href":"https:\/\/mindhub-uy.com\/index.php\/wp-json\/wp\/v2\/comments?post=80"}],"version-history":[{"count":53,"href":"https:\/\/mindhub-uy.com\/index.php\/wp-json\/wp\/v2\/pages\/80\/revisions"}],"predecessor-version":[{"id":462,"href":"https:\/\/mindhub-uy.com\/index.php\/wp-json\/wp\/v2\/pages\/80\/revisions\/462"}],"wp:attachment":[{"href":"https:\/\/mindhub-uy.com\/index.php\/wp-json\/wp\/v2\/media?parent=80"}],"curies":[{"name":"wp","href":"https:\/\/api.w.org\/{rel}","templated":true}]}}