{"id":47,"date":"2025-10-23T14:31:19","date_gmt":"2025-10-23T17:31:19","guid":{"rendered":"http:\/\/localhost\/?page_id=47"},"modified":"2026-02-25T12:50:32","modified_gmt":"2026-02-25T15:50:32","slug":"about","status":"publish","type":"page","link":"https:\/\/mindhub-uy.com\/index.php\/about\/","title":{"rendered":"Conoc\u00e9 MindHub"},"content":{"rendered":"<p><?php\n\/**\n * Title: Secci\u00f3n About (MindHub)\n * Slug: blankslate\/about\n * Categories: text, featured, mindhub\n *\/\n?><\/p>\n<p><?php\n\/**\n * Title: Secci\u00f3n About (MindHub)\n * Slug: blankslate\/about\n * Categories: text, featured, mindhub\n *\/\n?><\/p>\n\n\n<div class=\"wp-block-group mini-hero\"><div class=\"wp-block-group__inner-container is-layout-flow wp-block-group-is-layout-flow\">\n<div class=\"wp-block-group content container\"><div class=\"wp-block-group__inner-container is-layout-flow wp-block-group-is-layout-flow\">\n<h1 class=\"wp-block-heading\">Conoc\u00e9 MindHub<\/h1>\n<\/div><\/div>\n<\/div><\/div>\n\n\n\n<div class=\"wp-block-group intro container\" style=\"margin-top:20px\"><div class=\"wp-block-group__inner-container is-layout-flow wp-block-group-is-layout-flow\">\n<p class=\"has-text-align-center\">En <strong>Mindhub<\/strong> creemos que <strong>cuidar de la salud integral<\/strong> de cada persona es una <strong>necesidad<\/strong> esencial. Nuestro compromiso es ofrecerte un <strong>espacio seguro, profesional e integral<\/strong>, donde puedas encontrar el <strong>acompa\u00f1amiento que necesit\u00e1s y merec\u00e9s.<\/strong><\/p>\n<\/div><\/div>\n\n\n\n<div class=\"wp-block-group container\"><div class=\"wp-block-group__inner-container is-layout-flow wp-block-group-is-layout-flow\">\n<div class=\"wp-block-group intro\"><div class=\"wp-block-group__inner-container is-layout-constrained wp-block-group-is-layout-constrained\">\n<p class=\"has-text-align-center has-text-color\" style=\"color:#5d8165\">Este proyecto nace frente al profundo deseo de crear un espacio capaz de ofrecer un cuidado verdaderamente integral para cada persona, donde no solo se atienda la salud f\u00edsica o la salud mental de forma aislada, sino que se aborde a cada individuo desde una mirada completa y articulada.<\/p>\n\n\n\n<p class=\"has-text-align-center\">La <strong>coordinaci\u00f3n de MindHub<\/strong> est\u00e1 a cargo de <strong>psic\u00f3logas cl\u00ednicas<\/strong>, garantizando de esta manera que cada servicio, proceso y decisi\u00f3n se sustente en criterios cl\u00ednicos, evidencia cient\u00edfica y <strong>altos est\u00e1ndares \u00e9ticos.<\/strong><\/p>\n<\/div><\/div>\n<\/div><\/div>\n\n\n\n<div class=\"wp-block-group team\"><div class=\"wp-block-group__inner-container is-layout-flow wp-block-group-is-layout-flow\">\n<div class=\"wp-block-group container\"><div class=\"wp-block-group__inner-container is-layout-flow wp-block-group-is-layout-flow\">\n<div class=\"wp-block-columns featured-team is-layout-flex wp-container-core-columns-is-layout-28f84493 wp-block-columns-is-layout-flex\">\n<div class=\"wp-block-column featured-card is-layout-flow wp-block-column-is-layout-flow\">\n<figure class=\"wp-block-image size-full avatar\"><img loading=\"lazy\" decoding=\"async\" width=\"1484\" height=\"1076\" src=\"https:\/\/mindhub-uy.com\/wp-content\/uploads\/2025\/10\/samara.jpg\" alt=\"\" class=\"wp-image-34\"\/><\/figure>\n\n\n\n<h3 class=\"wp-block-heading\">Samara Mingroni<\/h3>\n\n\n\n<p class=\"role\">Cofundadora<\/p>\n\n\n\n<p><strong>Licenciada en Psicolog\u00eda<\/strong> por la Universidad de la Rep\u00fablica, con formaci\u00f3n y <strong>posgrado en Psicoan\u00e1lisis<\/strong> en la Asociaci\u00f3n Uruguaya de Psicoterapia Psicoanal\u00edtica (AUDEPP).<\/p>\n\n\n\n<p>Se desempe\u00f1a como <strong>psic\u00f3loga cl\u00ednica<\/strong>, con experiencia en trabajo con <strong>ni\u00f1os, ni\u00f1as, adolescentes y adultos<\/strong>. Cuenta con una <strong>especializaci\u00f3n en Dificultades de Aprendizaje<\/strong>, acompa\u00f1ando de manera integral a ni\u00f1os, ni\u00f1as y sus familias.<\/p>\n<\/div>\n\n\n\n<div class=\"wp-block-column featured-card is-layout-flow wp-block-column-is-layout-flow\">\n<figure class=\"wp-block-image size-full avatar\"><img loading=\"lazy\" decoding=\"async\" width=\"1450\" height=\"1600\" src=\"https:\/\/mindhub-uy.com\/wp-content\/uploads\/2025\/10\/lucia.jpg\" alt=\"\" class=\"wp-image-32\"\/><\/figure>\n\n\n\n<h3 class=\"wp-block-heading\">Luc\u00eda Mateu<\/h3>\n\n\n\n<p class=\"role\">Cofundadora<\/p>\n\n\n\n<p><strong>Licenciada en Psicolog\u00eda<\/strong> por la Universidad Cat\u00f3lica del Uruguay (UCU) y <strong>Mag\u00edster en Psicoterapia<\/strong> para adultos, parejas y familias, con enfoque <strong>Cognitivo-Conductual y Sist\u00e9mico<\/strong> (UCU).<\/p>\n\n\n\n<p>Ha trabajado en Recursos Humanos y cuenta con una <strong>s\u00f3lida trayectoria<\/strong> como psic\u00f3loga cl\u00ednica, con amplia experiencia en el trabajo con <strong>adolescentes y adultos<\/strong>.<\/p>\n<\/div>\n<\/div>\n\n\n\n<div class=\"wp-block-columns team-pills is-layout-flex wp-container-core-columns-is-layout-28f84493 wp-block-columns-is-layout-flex\">\n<div class=\"wp-block-column is-layout-flow wp-block-column-is-layout-flow\">\n<div class=\"wp-block-group pill is-nowrap is-layout-flex wp-container-core-group-is-layout-cd9ab148 wp-block-group-is-layout-flex\">\n<figure class=\"wp-block-image size-full portrait\"><img loading=\"lazy\" decoding=\"async\" width=\"546\" height=\"722\" src=\"https:\/\/mindhub-uy.com\/wp-content\/uploads\/2025\/10\/manuela.jpg\" alt=\"\" class=\"wp-image-33\"\/><\/figure>\n\n\n\n<div class=\"wp-block-group\"><div class=\"wp-block-group__inner-container is-layout-flow wp-block-group-is-layout-flow\">\n<h3 class=\"wp-block-heading\">Manuela Sellanes <span class=\"sub\">| Licenciada en Psicolog\u00eda<\/span><\/h3>\n\n\n\n<p class=\"sub\">Adolescentes y adultos<\/p>\n<\/div><\/div>\n\n\n\n<div class=\"wp-block-buttons is-layout-flex wp-block-buttons-is-layout-flex\">\n<div class=\"wp-block-button mh-member-manuela-sellanes\"><a class=\"wp-block-button__link wp-element-button\">M\u00e1s informaci\u00f3n sobre Manuela<\/a><\/div>\n<\/div>\n<\/div>\n\n\n\n<div class=\"wp-block-group pill is-nowrap is-layout-flex wp-container-core-group-is-layout-cd9ab148 wp-block-group-is-layout-flex\">\n<figure class=\"wp-block-image size-full portrait\"><img loading=\"lazy\" decoding=\"async\" width=\"1131\" height=\"1283\" src=\"https:\/\/mindhub-uy.com\/wp-content\/uploads\/2025\/10\/brian.jpg\" alt=\"\" class=\"wp-image-30\" style=\"object-fit:cover\"\/><\/figure>\n\n\n\n<div class=\"wp-block-group\"><div class=\"wp-block-group__inner-container is-layout-flow wp-block-group-is-layout-flow\">\n<h3 class=\"wp-block-heading\">Brian Borkenztain <span class=\"sub\">| Licenciado en Psicolog\u00eda<\/span><\/h3>\n\n\n\n<p class=\"sub\">Ni\u00f1os, ni\u00f1as, adolescentes y familias<\/p>\n<\/div><\/div>\n\n\n\n<div class=\"wp-block-buttons is-layout-flex wp-block-buttons-is-layout-flex\">\n<div class=\"wp-block-button mh-member-brian-borkenztain\"><a class=\"wp-block-button__link wp-element-button\">M\u00e1s informaci\u00f3n sobre Brian<\/a><\/div>\n<\/div>\n<\/div>\n\n\n\n<div class=\"wp-block-group pill is-nowrap is-layout-flex wp-container-core-group-is-layout-cd9ab148 wp-block-group-is-layout-flex\">\n<figure class=\"wp-block-image size-full portrait\"><img loading=\"lazy\" decoding=\"async\" width=\"1348\" height=\"1250\" src=\"https:\/\/mindhub-uy.com\/wp-content\/uploads\/2025\/10\/diego.jpg\" alt=\"\" class=\"wp-image-31\" style=\"object-fit:cover\"\/><\/figure>\n\n\n\n<div class=\"wp-block-group\"><div class=\"wp-block-group__inner-container is-layout-flow wp-block-group-is-layout-flow\">\n<h3 class=\"wp-block-heading\">Diego Perez <span class=\"sub\">| Licenciado en Psicolog\u00eda<\/span><\/h3>\n\n\n\n<p class=\"sub\">Adolescentes, j\u00f3venes y adultos<\/p>\n<\/div><\/div>\n\n\n\n<div class=\"wp-block-buttons is-layout-flex wp-block-buttons-is-layout-flex\">\n<div class=\"wp-block-button mh-member-diego-perez\"><a class=\"wp-block-button__link wp-element-button\">M\u00e1s informaci\u00f3n sobre Diego<\/a><\/div>\n<\/div>\n<\/div>\n\n\n\n<div class=\"wp-block-group pill is-nowrap is-layout-flex wp-container-core-group-is-layout-cd9ab148 wp-block-group-is-layout-flex\">\n<figure class=\"wp-block-image size-full portrait\"><img loading=\"lazy\" decoding=\"async\" width=\"1348\" height=\"1250\" src=\"https:\/\/mindhub-uy.com\/wp-content\/uploads\/2026\/02\/Sin-titulo-2.png\" alt=\"\" class=\"wp-image-369\" style=\"object-fit:cover\" srcset=\"https:\/\/mindhub-uy.com\/wp-content\/uploads\/2026\/02\/Sin-titulo-2.png 1348w, https:\/\/mindhub-uy.com\/wp-content\/uploads\/2026\/02\/Sin-titulo-2-300x278.png 300w, https:\/\/mindhub-uy.com\/wp-content\/uploads\/2026\/02\/Sin-titulo-2-1024x950.png 1024w\" sizes=\"auto, (max-width: 1348px) 100vw, 1348px\" \/><\/figure>\n\n\n\n<div class=\"wp-block-group\"><div class=\"wp-block-group__inner-container is-layout-flow wp-block-group-is-layout-flow\">\n<h3 class=\"wp-block-heading\">Emilia Araujo <span class=\"sub\">| Licenciada en Psicolog\u00eda<\/span><\/h3>\n\n\n\n<p class=\"sub\">Jovenes y adultos<\/p>\n<\/div><\/div>\n\n\n\n<div class=\"wp-block-buttons is-layout-flex wp-block-buttons-is-layout-flex\">\n<div class=\"wp-block-button mh-member-emilia-araujo\"><a class=\"wp-block-button__link wp-element-button\">M\u00e1s informaci\u00f3n sobre Emilia<\/a><\/div>\n<\/div>\n<\/div>\n<\/div>\n<\/div>\n<\/div><\/div>\n<\/div><\/div>\n\n\n\n<div id=\"teamModal\" class=\"team-modal\" role=\"dialog\" aria-modal=\"true\" aria-labelledby=\"modalTitle\" style=\"display:none;\">\n  <div class=\"modal-content\" id=\"modalContentWrapper\">\n    \n    <div id=\"modalContent\"><\/div>\n  <\/div>\n<\/div>\n","protected":false},"excerpt":{"rendered":"<p>Conoc\u00e9 MindHub En Mindhub creemos que cuidar de la salud integral de cada persona es una necesidad esencial. Nuestro compromiso es ofrecerte un espacio seguro, profesional e integral, donde puedas encontrar el acompa\u00f1amiento que necesit\u00e1s y merec\u00e9s. Este proyecto nace frente al profundo deseo de crear un espacio capaz de ofrecer un cuidado verdaderamente integral <a href=\"https:\/\/mindhub-uy.com\/index.php\/about\/\" class=\"more-link\">&#8230;<span class=\"screen-reader-text\">  Conoc\u00e9 MindHub<\/span><\/a><\/p>\n","protected":false},"author":1,"featured_media":0,"parent":0,"menu_order":0,"comment_status":"closed","ping_status":"closed","template":"","meta":{"footnotes":""},"class_list":["post-47","page","type-page","status-publish","hentry"],"_links":{"self":[{"href":"https:\/\/mindhub-uy.com\/index.php\/wp-json\/wp\/v2\/pages\/47","targetHints":{"allow":["GET"]}}],"collection":[{"href":"https:\/\/mindhub-uy.com\/index.php\/wp-json\/wp\/v2\/pages"}],"about":[{"href":"https:\/\/mindhub-uy.com\/index.php\/wp-json\/wp\/v2\/types\/page"}],"author":[{"embeddable":true,"href":"https:\/\/mindhub-uy.com\/index.php\/wp-json\/wp\/v2\/users\/1"}],"replies":[{"embeddable":true,"href":"https:\/\/mindhub-uy.com\/index.php\/wp-json\/wp\/v2\/comments?post=47"}],"version-history":[{"count":68,"href":"https:\/\/mindhub-uy.com\/index.php\/wp-json\/wp\/v2\/pages\/47\/revisions"}],"predecessor-version":[{"id":443,"href":"https:\/\/mindhub-uy.com\/index.php\/wp-json\/wp\/v2\/pages\/47\/revisions\/443"}],"wp:attachment":[{"href":"https:\/\/mindhub-uy.com\/index.php\/wp-json\/wp\/v2\/media?parent=47"}],"curies":[{"name":"wp","href":"https:\/\/api.w.org\/{rel}","templated":true}]}}